{"id":16456,"date":"2020-09-09T09:05:51","date_gmt":"2020-09-09T09:05:51","guid":{"rendered":"https:\/\/focusinthefuture.org\/?page_id=16456"},"modified":"2020-09-09T12:05:30","modified_gmt":"2020-09-09T12:05:30","slug":"misioni","status":"publish","type":"page","link":"https:\/\/focusinthefuture.org\/en\/misioni\/","title":{"rendered":"Mision &amp; Vision"},"content":{"rendered":"<div      class=\"vc_row wpb_row section vc_row-fluid\" style=' text-align:left;'><div class=\"full_section_inner clearfix\"><div class=\"wpb_column vc_column_container vc_col-sm-12\"><div class=\"vc_column-inner\"><div class=\"wpb_wrapper\">\t<div class=\"vc_empty_space\"  style=\"height: 32px\" ><span\n\t\t\tclass=\"vc_empty_space_inner\">\n\t\t\t<span class=\"empty_space_image\"  ><\/span>\n\t\t<\/span><\/div>\n\n\n\t<div class=\"wpb_text_column wpb_content_element\">\n\t\t<div class=\"wpb_wrapper\">\n\t\t\t<h5>Misioni i Qendr\u00ebs \u201cFocus in the future\u201d \u00ebsht\u00eb t\u00eb p\u00ebrfaq\u00ebsoj\u00eb, t\u00eb mbroj\u00eb dhe t\u00eb promovoj\u00eb t\u00eb drejtat e qytetar\u00ebve, t\u00eb ofroj\u00eb sh\u00ebrbime t\u00eb ndryshme, programe shoq\u00ebrore, p\u00ebrkrahje administrative, studime dhe analiza mbi gjendjen aktuale, ngritje kapacitetesh, si dhe t\u00eb siguroj\u00eb zgjerimin e pjes\u00ebmarrjes s\u00eb shtresave n\u00eb nevoj\u00eb n\u00eb shoq\u00ebri.<\/h5>\n\n\t\t<\/div> \n\t<\/div> <\/div><\/div><\/div><\/div><\/div><div      class=\"vc_row wpb_row section vc_row-fluid\" style=' text-align:left;'><div class=\"full_section_inner clearfix\"><div class=\"wpb_column vc_column_container vc_col-sm-12\"><div class=\"vc_column-inner\"><div class=\"wpb_wrapper\"><div      class=\"vc_row wpb_row section vc_row-fluid vc_inner\" style=' text-align:left;'><div class=\"full_section_inner clearfix\"><div class=\"wpb_column vc_column_container vc_col-sm-12\"><div class=\"vc_column-inner\"><div class=\"wpb_wrapper\"><\/div><\/div><\/div><\/div><\/div><\/div><\/div><\/div><\/div><\/div>","protected":false},"excerpt":{"rendered":"Misioni i Qendr\u00ebs \u201cFocus in the future\u201d \u00ebsht\u00eb t\u00eb p\u00ebrfaq\u00ebsoj\u00eb, t\u00eb mbroj\u00eb dhe t\u00eb promovoj\u00eb t\u00eb drejtat e qytetar\u00ebve, t\u00eb ofroj\u00eb sh\u00ebrbime t\u00eb ndryshme, programe shoq\u00ebrore, p\u00ebrkrahje administrative, studime dhe analiza mbi gjendjen aktuale, ngritje kapacitetesh, si dhe t\u00eb siguroj\u00eb zgjerimin e pjes\u00ebmarrjes s\u00eb shtresave...","protected":false},"author":1,"featured_media":0,"parent":0,"menu_order":0,"comment_status":"closed","ping_status":"closed","template":"","meta":{"footnotes":""},"_links":{"self":[{"href":"https:\/\/focusinthefuture.org\/en\/wp-json\/wp\/v2\/pages\/16456"}],"collection":[{"href":"https:\/\/focusinthefuture.org\/en\/wp-json\/wp\/v2\/pages"}],"about":[{"href":"https:\/\/focusinthefuture.org\/en\/wp-json\/wp\/v2\/types\/page"}],"author":[{"embeddable":true,"href":"https:\/\/focusinthefuture.org\/en\/wp-json\/wp\/v2\/users\/1"}],"replies":[{"embeddable":true,"href":"https:\/\/focusinthefuture.org\/en\/wp-json\/wp\/v2\/comments?post=16456"}],"version-history":[{"count":11,"href":"https:\/\/focusinthefuture.org\/en\/wp-json\/wp\/v2\/pages\/16456\/revisions"}],"predecessor-version":[{"id":16558,"href":"https:\/\/focusinthefuture.org\/en\/wp-json\/wp\/v2\/pages\/16456\/revisions\/16558"}],"wp:attachment":[{"href":"https:\/\/focusinthefuture.org\/en\/wp-json\/wp\/v2\/media?parent=16456"}],"curies":[{"name":"wp","href":"https:\/\/api.w.org\/{rel}","templated":true}]}}