{"id":16454,"date":"2020-09-09T09:05:37","date_gmt":"2020-09-09T09:05:37","guid":{"rendered":"https:\/\/focusinthefuture.org\/?page_id=16454"},"modified":"2020-09-09T12:04:21","modified_gmt":"2020-09-09T12:04:21","slug":"kush-jemi","status":"publish","type":"page","link":"https:\/\/focusinthefuture.org\/en\/kush-jemi\/","title":{"rendered":"Who We Are"},"content":{"rendered":"<div      class=\"vc_row wpb_row section vc_row-fluid\" style=' text-align:left;'><div class=\"full_section_inner clearfix\"><div class=\"wpb_column vc_column_container vc_col-sm-12\"><div class=\"vc_column-inner\"><div class=\"wpb_wrapper\">\n\t<div class=\"wpb_text_column wpb_content_element\">\n\t\t<div class=\"wpb_wrapper\">\n\t\t\t<h5>Qendra \u201c<strong>Focus in the Future<\/strong>\u201d \u00ebsht\u00eb nj\u00eb organizat\u00eb jo fitimprur\u00ebse e krijuar me Vendimin Nr.1454, dat\u00eb 27.12.2019, t\u00eb Gjykat\u00ebs s\u00eb Rrethit Gjyq\u00ebsor Tiran\u00eb dhe do t\u00eb ofroj\u00eb p\u00ebrkrahje n\u00eb arsim, sh\u00ebndet\u00ebsi, sh\u00ebrbime dhe programe shoq\u00ebrore, pun\u00ebsim, strehim, sh\u00ebrbime ligjore falas, p\u00ebrkrahje administrative, p\u00ebrmir\u00ebsime infrastrukturore, studime shkencore, biznes social, ngritje kapacitetesh etj.<\/h5>\n<h5><\/h5>\n<p>&nbsp;<\/p>\n<h5>Q\u00ebllimi do t\u00eb realizohet n\u00ebp\u00ebrmjet:<\/h5>\n\n\t\t<\/div> \n\t<\/div> \t<div class=\"vc_empty_space\"  style=\"height: 18px\" ><span\n\t\t\tclass=\"vc_empty_space_inner\">\n\t\t\t<span class=\"empty_space_image\"  ><\/span>\n\t\t<\/span><\/div>\n\n\n\t<div class=\"wpb_text_column wpb_content_element\">\n\t\t<div class=\"wpb_wrapper\">\n\t\t\t<h5>\u00b7 Programeve t\u00eb posa\u00e7me n\u00eb integrimin e grupeve vulnerab\u00ebl;<\/h5>\n<h5><\/h5>\n<h5>\u00b7 Programeve dhe krijimit t\u00eb hap\u00ebsirave p\u00ebr riintegrimin e emigrant\u00ebve t\u00eb kthyer n\u00eb Shqip\u00ebri;<\/h5>\n<h5><\/h5>\n<h5>\u00b7 Fuqizimit t\u00eb sistemit t\u00eb mbrojtjes s\u00eb f\u00ebmij\u00ebve dhe mekanizmave efektiv\u00eb q\u00eb p\u00ebrkrahin f\u00ebmij\u00ebt dhe familjar\u00ebt e tyre rast pas rasti;<\/h5>\n<h5><\/h5>\n<h5>\u00b7 Krijimit t\u00eb hap\u00ebsirave (mjediseve, infrastruktur\u00ebs) p\u00ebr edukimin qytetar dhe zhvillimin e rinis\u00eb dhe t\u00eb gruas;<\/h5>\n<h5><\/h5>\n<h5>\u00b7 Programeve t\u00eb posa\u00e7me p\u00ebr fuqizimin e familjes dhe grupeve t\u00eb m\u00ebnjanuara shoq\u00ebrore;<\/h5>\n<h5><\/h5>\n<h5>\u00b7 Prurjes dhe zhvillimit t\u00eb metodave t\u00eb reja t\u00eb arsimimit, edukimit qytetar dhe komunikimit t\u00eb hapur n\u00eb shoq\u00ebri;<\/h5>\n<h5><\/h5>\n<h5>\u00b7 P\u00ebrmir\u00ebsimit t\u00eb sh\u00ebrbimeve publike p\u00ebr njer\u00ebzit n\u00eb nevoj\u00eb, pranimin dhe p\u00ebrfshirjen e tyre si t\u00eb barabart\u00eb n\u00eb jet\u00ebn shoq\u00ebrore dhe n\u00eb vendimmarrje;<\/h5>\n<h5><\/h5>\n<h5>\u00b7 Zhvillimit t\u00eb kultur\u00ebs sh\u00ebndet\u00ebsore dhe mbrojtjes s\u00eb jet\u00ebs e sh\u00ebndetit;<\/h5>\n<h5><\/h5>\n<h5>\u00b7 Zhvillimit tek individi dhe shoq\u00ebria t\u00eb zakoneve\/praktikave t\u00eb mira dhe vlerave demokratike, shpirt\u00ebrore dhe njer\u00ebzore si barazia shoq\u00ebrore, qytetaria, respektimi i ligjit, ndjeshm\u00ebria ndaj problematikave sociale,mbrojtja e mjedisit etj;<\/h5>\n<h5><\/h5>\n<h5>\u00b7 Promovimit t\u00eb diversitetit kulturor, mb\u00ebshtetjes dhe zhvillimit t\u00eb vlerave dhe traditave kulturore e historike t\u00eb \u00e7do grupi shoq\u00ebror, etnik dhe kulturor, krahas zhvillimit t\u00eb kultur\u00ebs komb\u00ebtare.<\/h5>\n\n\t\t<\/div> \n\t<\/div> \t<div class=\"vc_empty_space\"  style=\"height: 9px\" ><span\n\t\t\tclass=\"vc_empty_space_inner\">\n\t\t\t<span class=\"empty_space_image\"  ><\/span>\n\t\t<\/span><\/div>\n\n<\/div><\/div><\/div><\/div><\/div>","protected":false},"excerpt":{"rendered":"Qendra \u201cFocus in the Future\u201d \u00ebsht\u00eb nj\u00eb organizat\u00eb jo fitimprur\u00ebse e krijuar me Vendimin Nr.1454, dat\u00eb 27.12.2019, t\u00eb Gjykat\u00ebs s\u00eb Rrethit Gjyq\u00ebsor Tiran\u00eb dhe do t\u00eb ofroj\u00eb p\u00ebrkrahje n\u00eb arsim, sh\u00ebndet\u00ebsi, sh\u00ebrbime dhe programe shoq\u00ebrore, pun\u00ebsim, strehim, sh\u00ebrbime ligjore falas, p\u00ebrkrahje administrative, p\u00ebrmir\u00ebsime infrastrukturore, studime...","protected":false},"author":1,"featured_media":16427,"parent":0,"menu_order":0,"comment_status":"closed","ping_status":"closed","template":"","meta":{"footnotes":""},"_links":{"self":[{"href":"https:\/\/focusinthefuture.org\/en\/wp-json\/wp\/v2\/pages\/16454"}],"collection":[{"href":"https:\/\/focusinthefuture.org\/en\/wp-json\/wp\/v2\/pages"}],"about":[{"href":"https:\/\/focusinthefuture.org\/en\/wp-json\/wp\/v2\/types\/page"}],"author":[{"embeddable":true,"href":"https:\/\/focusinthefuture.org\/en\/wp-json\/wp\/v2\/users\/1"}],"replies":[{"embeddable":true,"href":"https:\/\/focusinthefuture.org\/en\/wp-json\/wp\/v2\/comments?post=16454"}],"version-history":[{"count":15,"href":"https:\/\/focusinthefuture.org\/en\/wp-json\/wp\/v2\/pages\/16454\/revisions"}],"predecessor-version":[{"id":16496,"href":"https:\/\/focusinthefuture.org\/en\/wp-json\/wp\/v2\/pages\/16454\/revisions\/16496"}],"wp:featuredmedia":[{"embeddable":true,"href":"https:\/\/focusinthefuture.org\/en\/wp-json\/wp\/v2\/media\/16427"}],"wp:attachment":[{"href":"https:\/\/focusinthefuture.org\/en\/wp-json\/wp\/v2\/media?parent=16454"}],"curies":[{"name":"wp","href":"https:\/\/api.w.org\/{rel}","templated":true}]}}