{"id":16441,"date":"2020-09-03T07:31:22","date_gmt":"2020-09-03T07:31:22","guid":{"rendered":"https:\/\/focusinthefuture.org\/?page_id=16441"},"modified":"2020-09-09T12:40:28","modified_gmt":"2020-09-09T12:40:28","slug":"un-women-albania","status":"publish","type":"page","link":"https:\/\/focusinthefuture.org\/en\/un-women-albania\/","title":{"rendered":"Un Women Albania"},"content":{"rendered":"<div      class=\"vc_row wpb_row section vc_row-fluid\" style=' text-align:left;'><div class=\"full_section_inner clearfix\"><div class=\"wpb_column vc_column_container vc_col-sm-12\"><div class=\"vc_column-inner\"><div class=\"wpb_wrapper\">\n\t<div class=\"wpb_text_column wpb_content_element\">\n\t\t<div class=\"wpb_wrapper\">\n\t\t\t<h5><b>Un women Albania<\/b><\/h5>\n<p>&nbsp;<\/p>\n<div>\n<div>\n<h5 dir=\"auto\">\u201cFocus in the Future\u201d ishte nj\u00eb nga organizatat e p\u00ebrzgjedhura nga UN Women Albania p\u00ebr t&#8217;u aft\u00ebsuar mbi monitorimin e shpenzimeve buxhetore t\u00eb bashkive nga perspektiva gjinore.<\/h5>\n<p>&nbsp;<\/p>\n<h5 dir=\"auto\">N\u00eb muajin Korrik u zhvillua nj\u00eb trajnim 3-ditor ku u njoh\u00ebm me procesin e p\u00ebrgatitjes s\u00eb raporteve v\u00ebzhguese p\u00ebr buxhetet e sh\u00ebrbimeve sociale dhe se si planet e kujdesit social po ndihmojn\u00eb grat\u00eb dhe vajzat n\u00eb nevoj\u00eb.<\/h5>\n<p>&nbsp;<\/p>\n<h5 dir=\"auto\">Ne vijim do t\u00eb jemi nje nga organizatat e cila ne Bashkin\u00eb e Tiran\u00ebs do t\u00eb monitoroj\u00eb\u00a0k\u00ebto aktivitete.<\/h5>\n<\/div>\n<\/div>\n\n\t\t<\/div> \n\t<\/div> <\/div><\/div><\/div><\/div><\/div>","protected":false},"excerpt":{"rendered":"Un women Albania &nbsp; \u201cFocus in the Future\u201d ishte nj\u00eb nga organizatat e p\u00ebrzgjedhura nga UN Women Albania p\u00ebr t'u aft\u00ebsuar mbi monitorimin e shpenzimeve buxhetore t\u00eb bashkive nga perspektiva gjinore. &nbsp; N\u00eb muajin Korrik u zhvillua nj\u00eb trajnim 3-ditor ku u njoh\u00ebm me procesin...","protected":false},"author":1,"featured_media":0,"parent":0,"menu_order":0,"comment_status":"closed","ping_status":"closed","template":"","meta":{"footnotes":""},"_links":{"self":[{"href":"https:\/\/focusinthefuture.org\/en\/wp-json\/wp\/v2\/pages\/16441"}],"collection":[{"href":"https:\/\/focusinthefuture.org\/en\/wp-json\/wp\/v2\/pages"}],"about":[{"href":"https:\/\/focusinthefuture.org\/en\/wp-json\/wp\/v2\/types\/page"}],"author":[{"embeddable":true,"href":"https:\/\/focusinthefuture.org\/en\/wp-json\/wp\/v2\/users\/1"}],"replies":[{"embeddable":true,"href":"https:\/\/focusinthefuture.org\/en\/wp-json\/wp\/v2\/comments?post=16441"}],"version-history":[{"count":9,"href":"https:\/\/focusinthefuture.org\/en\/wp-json\/wp\/v2\/pages\/16441\/revisions"}],"predecessor-version":[{"id":16580,"href":"https:\/\/focusinthefuture.org\/en\/wp-json\/wp\/v2\/pages\/16441\/revisions\/16580"}],"wp:attachment":[{"href":"https:\/\/focusinthefuture.org\/en\/wp-json\/wp\/v2\/media?parent=16441"}],"curies":[{"name":"wp","href":"https:\/\/api.w.org\/{rel}","templated":true}]}}